{"id":3009,"date":"2018-12-05T20:46:43","date_gmt":"2018-12-06T01:46:43","guid":{"rendered":"http:\/\/www.foodsthatfightcancer.ca\/les-aliments-et-la-prevention-du-cancer\/"},"modified":"2025-06-16T16:22:47","modified_gmt":"2025-06-16T20:22:47","slug":"les-aliments-et-la-prevention-du-cancer","status":"publish","type":"page","link":"https:\/\/www.foodsthatfightcancer.ca\/fr\/les-aliments-et-la-prevention-du-cancer\/","title":{"rendered":"ALIMENTATION ET PR\u00c9VENTION DU CANCER"},"content":{"rendered":"<p><div class=\"fusion-fullwidth fullwidth-box fusion-builder-row-1 fusion-parallax-none nonhundred-percent-fullwidth non-hundred-percent-height-scrolling fusion-equal-height-columns\" style=\"background-color: rgba(255,255,255,0);background-image: url(&quot;http:\/\/www.foodsthatfightcancer.ca\/wp-content\/uploads\/2018\/07\/iStock-666159754-dark2.jpg&quot;);background-position: left top;background-repeat: no-repeat;padding-top:100px;padding-right:0px;padding-bottom:100px;padding-left:0px;margin-bottom: 0px;margin-top: 0px;border-width: 0px 0px 0px 0px;border-color:#eae9e9;border-style:solid;-webkit-background-size:cover;-moz-background-size:cover;-o-background-size:cover;background-size:cover;\" ><div class=\"fusion-builder-row fusion-row\"><div class=\"fusion-layout-column fusion_builder_column fusion-builder-column-0 fusion_builder_column_1_1 1_1 fusion-one-full fusion-column-first fusion-column-last\" style=\"margin-top:0px;margin-bottom:0px;\"><div class=\"fusion-column-wrapper fusion-flex-column-wrapper-legacy\" style=\"background-position:left top;background-repeat:no-repeat;-webkit-background-size:cover;-moz-background-size:cover;-o-background-size:cover;background-size:cover;padding: 0px 0px 0px 0px;\"><div class=\"fusion-text fusion-text-1\"><p class=\"p1\" style=\"text-align: center; color: #ffffff;\"><b>Selon le Fonds mondial de recherche contre le cancer, environ 30 % de tous les cas de cancer sont directement li\u00e9s aux habitudes alimentaires; ce nombre peut m\u00eame s\u2019\u00e9lever \u00e0 70 % dans les cas de cancers du syst\u00e8me gastro-intestinal comme le <a href=\"https:\/\/www.colorectalcancercanada.com\/fr\/cancer-colorectal\/quest-ce-que-le-cancer-colorectal\/\">cancer colorectal<\/a>.<\/b><\/p>\n<h4 class=\"h3\" style=\"text-align: center; color: #ffffff;\">Vous avez le pouvoir d\u2019agir afin de r\u00e9duire votre risque de d\u00e9velopper un cancer. Permettez-nous de vous aider \u00e0 nourrir votre corps judicieusement par l\u2019entremise de conseils utiles en mati\u00e8re de pr\u00e9vention du cancer.<\/h4>\n<p class=\"p1\" style=\"text-align: center; color: #ffffff;\"><b>N\u2019attendez pas de voir si vous \u00eates atteint de cancer plus tard dans votre vie; saisissez d\u00e8s maintenant l\u2019occasion de renverser les probabilit\u00e9s et faites tourner le vent en votre faveur en tirant avantage de l\u2019arsenal d\u2019agents anticanc\u00e9reux pr\u00e9sents naturellement dans certains aliments de tous les jours. Prenez en main votre destin et commencez \u00e0 r\u00e9duire votre risque.<\/b><\/p>\n<\/div><div class=\"fusion-clearfix\"><\/div><\/div><\/div><\/div><\/div><div class=\"fusion-fullwidth fullwidth-box fusion-builder-row-2 nonhundred-percent-fullwidth non-hundred-percent-height-scrolling\" style=\"background-color: rgba(255,255,255,0);background-position: left top;background-repeat: no-repeat;padding-top:50px;padding-right:0px;padding-bottom:0px;padding-left:0px;margin-bottom: 0px;margin-top: 0px;border-width: 0px 0px 0px 0px;border-color:#eae9e9;border-style:solid;\" ><div class=\"fusion-builder-row fusion-row\"><div class=\"fusion-layout-column fusion_builder_column fusion-builder-column-1 fusion_builder_column_1_1 1_1 fusion-one-full fusion-column-first fusion-column-last\" style=\"margin-top:0px;margin-bottom:0px;\"><div class=\"fusion-column-wrapper fusion-flex-column-wrapper-legacy\" style=\"background-position:left top;background-repeat:no-repeat;-webkit-background-size:cover;-moz-background-size:cover;-o-background-size:cover;background-size:cover;padding: 0px 10% 0px 10%;\"><div class=\"fusion-text fusion-text-2\"><p class=\"p1\" style=\"text-align: center; letter-spacing: 2px;\"><b>Le Fonds mondial de recherche contre le cancer a formul\u00e9 des recommandations claires indiquant qu\u2019une alimentation saine peut aider \u00e0 diminuer votre risque de d\u00e9velopper un cancer:<\/b><\/p>\n<\/div><div class=\"fusion-clearfix\"><\/div><\/div><\/div><\/div><\/div><div class=\"fusion-fullwidth fullwidth-box fusion-builder-row-3 hundred-percent-fullwidth non-hundred-percent-height-scrolling fusion-equal-height-columns\" style=\"background-color: #ffffff;background-position: center center;background-repeat: no-repeat;padding-top:100px;padding-right:50px;padding-bottom:30px;padding-left:50px;margin-bottom: 0px;margin-top: 0px;border-width: 0px 0px 0px 0px;border-color:#eae9e9;border-style:solid;\" ><div class=\"fusion-builder-row fusion-row\"><div class=\"fusion-layout-column fusion_builder_column fusion-builder-column-2 fusion_builder_column_1_4 1_4 fusion-one-fourth fusion-column-first\" style=\"width:25%;width:calc(25% - ( ( 4% + 4% + 4% ) * 0.25 ) );margin-right: 4%;margin-top:0px;margin-bottom:0px;\"><div class=\"fusion-column-wrapper fusion-flex-column-wrapper-legacy\" style=\"background-position:left top;background-repeat:no-repeat;-webkit-background-size:cover;-moz-background-size:cover;-o-background-size:cover;background-size:cover;padding: 20px 0px 20px 0px;\"><span class=\" fusion-imageframe imageframe-none imageframe-1 hover-type-none\"><img width=\"300\" height=\"300\" title=\"salad-circle2B\" src=\"http:\/\/www.foodsthatfightcancer.ca\/wp-content\/uploads\/2018\/11\/salad-circle2B.jpg\" alt class=\"img-responsive wp-image-2984\" srcset=\"https:\/\/www.foodsthatfightcancer.ca\/wp-content\/uploads\/2018\/11\/salad-circle2B-200x200.jpg 200w, https:\/\/www.foodsthatfightcancer.ca\/wp-content\/uploads\/2018\/11\/salad-circle2B.jpg 300w\" sizes=\"(max-width: 800px) 100vw, 300px\" \/><\/span><div class=\"fusion-clearfix\"><\/div><\/div><\/div><div class=\"fusion-layout-column fusion_builder_column fusion-builder-column-3 fusion_builder_column_1_4 1_4 fusion-one-fourth\" style=\"width:25%;width:calc(25% - ( ( 4% + 4% + 4% ) * 0.25 ) );margin-right: 4%;margin-top:0px;margin-bottom:0px;\"><div class=\"fusion-column-wrapper fusion-flex-column-wrapper-legacy\" style=\"background-position:left top;background-repeat:no-repeat;-webkit-background-size:cover;-moz-background-size:cover;-o-background-size:cover;background-size:cover;padding: 30px 0px 30px 0px;\"><div class=\"fusion-text fusion-text-3\"><p class=\"p1\">Consommer en abondance une grande vari\u00e9t\u00e9 de l\u00e9gumes, de fruits et d\u2019aliments \u00e0 base de grains entiers.<\/p>\n<\/div><div class=\"fusion-button-wrapper\"><style>.fusion-body .fusion-button.button-1 .fusion-button-text,.fusion-body .fusion-button.button-1 i{color:#969696;}.fusion-body .fusion-button.button-1{border-color:#969696;border-width:1px 1px 1px 1px;border-radius:25px 25px 25px 25px;background:#ffffff;}.fusion-body .fusion-button.button-1:hover .fusion-button-text,.fusion-body .fusion-button.button-1:hover i,.fusion-body .fusion-button.button-1:focus .fusion-button-text,.fusion-body .fusion-button.button-1:focus i,.fusion-body .fusion-button.button-1:active .fusion-button-text,.fusion-body .fusion-button.button-1:active i{color:#ffffff;}.fusion-body .fusion-button.button-1:hover,.fusion-body .fusion-button.button-1:active,.fusion-body .fusion-button.button-1:focus{border-color:#ffffff;border-width:1px 1px 1px 1px;background:#0167aa;}<\/style><a class=\"fusion-button button-flat button-small button-custom button-1 fusion-button-default-span \" target=\"_self\" href=\"http:\/\/www.foodsthatfightcancer.ca\/fr\/les-aliments-et-la-prevention-du-cancer\/consommer-une-grande-variete-de-legumes-de-fruits-et-daliments-a-base-de-grains-entiers\/\"><span class=\"fusion-button-text\">en savoir plus<\/span><\/a><\/div><div class=\"fusion-clearfix\"><\/div><\/div><\/div><div class=\"fusion-layout-column fusion_builder_column fusion-builder-column-4 fusion_builder_column_1_4 1_4 fusion-one-fourth\" style=\"width:25%;width:calc(25% - ( ( 4% + 4% + 4% ) * 0.25 ) );margin-right: 4%;margin-top:0px;margin-bottom:0px;\"><div class=\"fusion-column-wrapper fusion-flex-column-wrapper-legacy\" style=\"background-position:left top;background-repeat:no-repeat;-webkit-background-size:cover;-moz-background-size:cover;-o-background-size:cover;background-size:cover;padding: 20px 0px 20px 0px;\"><span class=\" fusion-imageframe imageframe-none imageframe-2 hover-type-none\"><img width=\"300\" height=\"300\" title=\"salmon-circle2C\" src=\"http:\/\/www.foodsthatfightcancer.ca\/wp-content\/uploads\/2018\/11\/salmon-circle2C.jpg\" alt class=\"img-responsive wp-image-2985\" srcset=\"https:\/\/www.foodsthatfightcancer.ca\/wp-content\/uploads\/2018\/11\/salmon-circle2C-200x200.jpg 200w, https:\/\/www.foodsthatfightcancer.ca\/wp-content\/uploads\/2018\/11\/salmon-circle2C.jpg 300w\" sizes=\"(max-width: 800px) 100vw, 300px\" \/><\/span><div class=\"fusion-clearfix\"><\/div><\/div><\/div><div class=\"fusion-layout-column fusion_builder_column fusion-builder-column-5 fusion_builder_column_1_4 1_4 fusion-one-fourth fusion-column-last\" style=\"width:25%;width:calc(25% - ( ( 4% + 4% + 4% ) * 0.25 ) );margin-top:0px;margin-bottom:0px;\"><div class=\"fusion-column-wrapper fusion-flex-column-wrapper-legacy\" style=\"background-position:left top;background-repeat:no-repeat;-webkit-background-size:cover;-moz-background-size:cover;-o-background-size:cover;background-size:cover;padding: 30px 0px 30px 0px;\"><div class=\"fusion-text fusion-text-4\"><p class=\"p1\">R\u00e9duire votre consommation de viande rouge et de viandes transform\u00e9es.<\/p>\n<\/div><div class=\"fusion-button-wrapper\"><style>.fusion-body .fusion-button.button-2 .fusion-button-text,.fusion-body .fusion-button.button-2 i{color:#969696;}.fusion-body .fusion-button.button-2{border-color:#969696;border-width:1px 1px 1px 1px;border-radius:25px 25px 25px 25px;background:#ffffff;}.fusion-body .fusion-button.button-2:hover .fusion-button-text,.fusion-body .fusion-button.button-2:hover i,.fusion-body .fusion-button.button-2:focus .fusion-button-text,.fusion-body .fusion-button.button-2:focus i,.fusion-body .fusion-button.button-2:active .fusion-button-text,.fusion-body .fusion-button.button-2:active i{color:#ffffff;}.fusion-body .fusion-button.button-2:hover,.fusion-body .fusion-button.button-2:active,.fusion-body .fusion-button.button-2:focus{border-color:#ffffff;border-width:1px 1px 1px 1px;background:#0167aa;}<\/style><a class=\"fusion-button button-flat button-small button-custom button-2 fusion-button-default-span \" target=\"_self\" href=\"http:\/\/www.foodsthatfightcancer.ca\/fr\/les-aliments-et-la-prevention-du-cancer\/reduire-sa-consommation-de-viande-rouge-et-de-viande-transformee\/\"><span class=\"fusion-button-text\">en savoir plus<\/span><\/a><\/div><div class=\"fusion-clearfix\"><\/div><\/div><\/div><\/div><\/div><div class=\"fusion-fullwidth fullwidth-box fusion-builder-row-4 hundred-percent-fullwidth non-hundred-percent-height-scrolling fusion-equal-height-columns\" style=\"background-color: #ffffff;background-position: right top;background-repeat: no-repeat;padding-top:0px;padding-right:50px;padding-bottom:30px;padding-left:50px;margin-bottom: 0px;margin-top: 0px;border-width: 0px 0px 0px 0px;border-color:#eae9e9;border-style:solid;\" ><div class=\"fusion-builder-row fusion-row\"><div class=\"fusion-layout-column fusion_builder_column fusion-builder-column-6 fusion_builder_column_1_4 1_4 fusion-one-fourth fusion-column-first\" style=\"width:25%;width:calc(25% - ( ( 4% + 4% + 4% ) * 0.25 ) );margin-right: 4%;margin-top:0px;margin-bottom:0px;\"><div class=\"fusion-column-wrapper fusion-flex-column-wrapper-legacy\" style=\"background-position:left top;background-repeat:no-repeat;-webkit-background-size:cover;-moz-background-size:cover;-o-background-size:cover;background-size:cover;padding: 20px 0px 20px 0px;\"><span class=\" fusion-imageframe imageframe-none imageframe-3 hover-type-none\"><img width=\"300\" height=\"300\" title=\"tea-circle\" src=\"http:\/\/www.foodsthatfightcancer.ca\/wp-content\/uploads\/2016\/07\/tea-circle.jpg\" alt class=\"img-responsive wp-image-2995\" srcset=\"https:\/\/www.foodsthatfightcancer.ca\/wp-content\/uploads\/2016\/07\/tea-circle-200x200.jpg 200w, https:\/\/www.foodsthatfightcancer.ca\/wp-content\/uploads\/2016\/07\/tea-circle.jpg 300w\" sizes=\"(max-width: 800px) 100vw, 300px\" \/><\/span><div class=\"fusion-clearfix\"><\/div><\/div><\/div><div class=\"fusion-layout-column fusion_builder_column fusion-builder-column-7 fusion_builder_column_1_4 1_4 fusion-one-fourth\" style=\"width:25%;width:calc(25% - ( ( 4% + 4% + 4% ) * 0.25 ) );margin-right: 4%;margin-top:0px;margin-bottom:0px;\"><div class=\"fusion-column-wrapper fusion-flex-column-wrapper-legacy\" style=\"background-position:left top;background-repeat:no-repeat;-webkit-background-size:cover;-moz-background-size:cover;-o-background-size:cover;background-size:cover;padding: 30px 0px 30px 0px;\"><div class=\"fusion-text fusion-text-5\"><p class=\"p1\">Limiter votre consommation d\u2019alcool et de boissons sucr\u00e9es.<\/p>\n<\/div><div class=\"fusion-button-wrapper\"><style>.fusion-body .fusion-button.button-3 .fusion-button-text,.fusion-body .fusion-button.button-3 i{color:#969696;}.fusion-body .fusion-button.button-3{border-color:#969696;border-width:1px 1px 1px 1px;border-radius:25px 25px 25px 25px;background:#ffffff;}.fusion-body .fusion-button.button-3:hover .fusion-button-text,.fusion-body .fusion-button.button-3:hover i,.fusion-body .fusion-button.button-3:focus .fusion-button-text,.fusion-body .fusion-button.button-3:focus i,.fusion-body .fusion-button.button-3:active .fusion-button-text,.fusion-body .fusion-button.button-3:active i{color:#ffffff;}.fusion-body .fusion-button.button-3:hover,.fusion-body .fusion-button.button-3:active,.fusion-body .fusion-button.button-3:focus{border-color:#ffffff;border-width:1px 1px 1px 1px;background:#0167aa;}<\/style><a class=\"fusion-button button-flat button-small button-custom button-3 fusion-button-default-span \" target=\"_self\" href=\"http:\/\/www.foodsthatfightcancer.ca\/fr\/les-aliments-et-la-prevention-du-cancer\/limiter-sa-consommation-dalcool\/\"><span class=\"fusion-button-text\">en savoir plus<\/span><\/a><\/div><div class=\"fusion-clearfix\"><\/div><\/div><\/div><div class=\"fusion-layout-column fusion_builder_column fusion-builder-column-8 fusion_builder_column_1_4 1_4 fusion-one-fourth\" style=\"width:25%;width:calc(25% - ( ( 4% + 4% + 4% ) * 0.25 ) );margin-right: 4%;margin-top:0px;margin-bottom:0px;\"><div class=\"fusion-column-wrapper fusion-flex-column-wrapper-legacy\" style=\"background-position:left top;background-repeat:no-repeat;-webkit-background-size:cover;-moz-background-size:cover;-o-background-size:cover;background-size:cover;padding: 20px 0px 0px 0px;\"><span class=\" fusion-imageframe imageframe-none imageframe-4 hover-type-none\"><img width=\"300\" height=\"300\" title=\"ingredients+circle2\" src=\"http:\/\/www.foodsthatfightcancer.ca\/wp-content\/uploads\/2016\/07\/ingredientscircle2.jpg\" alt class=\"img-responsive wp-image-2989\" srcset=\"https:\/\/www.foodsthatfightcancer.ca\/wp-content\/uploads\/2016\/07\/ingredientscircle2-200x200.jpg 200w, https:\/\/www.foodsthatfightcancer.ca\/wp-content\/uploads\/2016\/07\/ingredientscircle2.jpg 300w\" sizes=\"(max-width: 800px) 100vw, 300px\" \/><\/span><div class=\"fusion-clearfix\"><\/div><\/div><\/div><div class=\"fusion-layout-column fusion_builder_column fusion-builder-column-9 fusion_builder_column_1_4 1_4 fusion-one-fourth fusion-column-last\" style=\"width:25%;width:calc(25% - ( ( 4% + 4% + 4% ) * 0.25 ) );margin-top:0px;margin-bottom:0px;\"><div class=\"fusion-column-wrapper fusion-flex-column-wrapper-legacy\" style=\"background-position:left top;background-repeat:no-repeat;-webkit-background-size:cover;-moz-background-size:cover;-o-background-size:cover;background-size:cover;padding: 30px 0px 30px 0px;\"><div class=\"fusion-text fusion-text-6\"><p class=\"p1\">R\u00e9duire votre consommation de produits alimentaires ultratransform\u00e9s.<\/p>\n<\/div><div class=\"fusion-button-wrapper\"><style>.fusion-body .fusion-button.button-4 .fusion-button-text,.fusion-body .fusion-button.button-4 i{color:#969696;}.fusion-body .fusion-button.button-4{border-color:#969696;border-width:1px 1px 1px 1px;border-radius:25px 25px 25px 25px;background:#ffffff;}.fusion-body .fusion-button.button-4:hover .fusion-button-text,.fusion-body .fusion-button.button-4:hover i,.fusion-body .fusion-button.button-4:focus .fusion-button-text,.fusion-body .fusion-button.button-4:focus i,.fusion-body .fusion-button.button-4:active .fusion-button-text,.fusion-body .fusion-button.button-4:active i{color:#ffffff;}.fusion-body .fusion-button.button-4:hover,.fusion-body .fusion-button.button-4:active,.fusion-body .fusion-button.button-4:focus{border-color:#ffffff;border-width:1px 1px 1px 1px;background:#0167aa;}<\/style><a class=\"fusion-button button-flat button-small button-custom button-4 fusion-button-default-span \" target=\"_self\" href=\"http:\/\/www.foodsthatfightcancer.ca\/fr\/les-aliments-et-la-prevention-du-cancer\/reduire-sa-consommation-de-produits-alimentaires-ultratransformes\/\"><span class=\"fusion-button-text\">en savoir plus<\/span><\/a><\/div><div class=\"fusion-clearfix\"><\/div><\/div><\/div><\/div><\/div><div class=\"fusion-fullwidth fullwidth-box fusion-builder-row-5 fusion-parallax-none hundred-percent-fullwidth non-hundred-percent-height-scrolling fusion-equal-height-columns\" style=\"background-color: #ffffff;background-image: url(&quot;http:\/\/www.foodsthatfightcancer.ca\/wp-content\/uploads\/2018\/07\/iStock-98273873-edit2.jpg&quot;);background-position: center center;background-repeat: no-repeat;padding-top:100px;padding-right:100px;padding-bottom:200px;padding-left:100px;margin-bottom: 0px;margin-top: 0px;border-width: 0px 0px 0px 0px;border-color:#eae9e9;border-style:solid;-webkit-background-size:cover;-moz-background-size:cover;-o-background-size:cover;background-size:cover;\" ><div class=\"fusion-builder-row fusion-row\"><div class=\"fusion-layout-column fusion_builder_column fusion-builder-column-10 fusion_builder_column_1_1 1_1 fusion-one-full fusion-column-first fusion-column-last\" style=\"margin-top:0px;margin-bottom:0px;\"><div class=\"fusion-column-wrapper fusion-flex-column-wrapper-legacy\" style=\"background-position:left top;background-repeat:no-repeat;-webkit-background-size:cover;-moz-background-size:cover;-o-background-size:cover;background-size:cover;padding: 0px 0px 0px 0px;\"><div class=\"fusion-text fusion-text-7\"><p class=\"p1\" style=\"text-align: center;\">Aucun aliment ne contient toutes les mol\u00e9cules anticanc\u00e9reuses qui peuvent contribuer \u00e0 la pr\u00e9vention du cancer; il est donc important d\u2019int\u00e9grer une grande vari\u00e9t\u00e9 d\u2019aliments sains \u00e0 vos habitudes alimentaires pour augmenter leur effet protecteur.<\/p>\n<\/div><div class=\"fusion-clearfix\"><\/div><\/div><\/div><\/div><\/div><\/p>\n","protected":false},"excerpt":{"rendered":"","protected":false},"author":1,"featured_media":0,"parent":0,"menu_order":0,"comment_status":"closed","ping_status":"closed","template":"100-width.php","meta":[],"yoast_head":"<!-- This site is optimized with the Yoast SEO plugin v20.5 - https:\/\/yoast.com\/wordpress\/plugins\/seo\/ -->\n<title>ALIMENTATION ET PR\u00c9VENTION DU CANCER - Foods That Fight Cancer<\/title>\n<meta name=\"robots\" content=\"index, follow, max-snippet:-1, max-image-preview:large, max-video-preview:-1\" \/>\n<link rel=\"canonical\" href=\"https:\/\/www.foodsthatfightcancer.ca\/fr\/les-aliments-et-la-prevention-du-cancer\/\" \/>\n<meta property=\"og:locale\" content=\"fr_FR\" \/>\n<meta property=\"og:type\" content=\"article\" \/>\n<meta property=\"og:title\" content=\"ALIMENTATION ET PR\u00c9VENTION DU CANCER - Foods That Fight Cancer\" \/>\n<meta property=\"og:url\" content=\"https:\/\/www.foodsthatfightcancer.ca\/fr\/les-aliments-et-la-prevention-du-cancer\/\" \/>\n<meta property=\"og:site_name\" content=\"Foods That Fight Cancer\" \/>\n<meta property=\"article:modified_time\" content=\"2025-06-16T20:22:47+00:00\" \/>\n<meta name=\"twitter:card\" content=\"summary_large_image\" \/>\n<meta name=\"twitter:label1\" content=\"Dur\u00e9e de lecture estim\u00e9e\" \/>\n\t<meta name=\"twitter:data1\" content=\"5 minutes\" \/>\n<script type=\"application\/ld+json\" class=\"yoast-schema-graph\">{\"@context\":\"https:\/\/schema.org\",\"@graph\":[{\"@type\":\"WebPage\",\"@id\":\"https:\/\/www.foodsthatfightcancer.ca\/fr\/les-aliments-et-la-prevention-du-cancer\/\",\"url\":\"https:\/\/www.foodsthatfightcancer.ca\/fr\/les-aliments-et-la-prevention-du-cancer\/\",\"name\":\"ALIMENTATION ET PR\u00c9VENTION DU CANCER - Foods That Fight Cancer\",\"isPartOf\":{\"@id\":\"https:\/\/www.foodsthatfightcancer.ca\/#website\"},\"datePublished\":\"2018-12-06T01:46:43+00:00\",\"dateModified\":\"2025-06-16T20:22:47+00:00\",\"breadcrumb\":{\"@id\":\"https:\/\/www.foodsthatfightcancer.ca\/fr\/les-aliments-et-la-prevention-du-cancer\/#breadcrumb\"},\"inLanguage\":\"fr-FR\",\"potentialAction\":[{\"@type\":\"ReadAction\",\"target\":[\"https:\/\/www.foodsthatfightcancer.ca\/fr\/les-aliments-et-la-prevention-du-cancer\/\"]}]},{\"@type\":\"BreadcrumbList\",\"@id\":\"https:\/\/www.foodsthatfightcancer.ca\/fr\/les-aliments-et-la-prevention-du-cancer\/#breadcrumb\",\"itemListElement\":[{\"@type\":\"ListItem\",\"position\":1,\"name\":\"Home\",\"item\":\"https:\/\/www.foodsthatfightcancer.ca\/fr\/\"},{\"@type\":\"ListItem\",\"position\":2,\"name\":\"ALIMENTATION ET PR\u00c9VENTION DU CANCER\"}]},{\"@type\":\"WebSite\",\"@id\":\"https:\/\/www.foodsthatfightcancer.ca\/#website\",\"url\":\"https:\/\/www.foodsthatfightcancer.ca\/\",\"name\":\"Foods That Fight Cancer\",\"description\":\"A project to encourage and equip people to adopt healthy eating habits today in order to reduce the incidence of cancer in the future.\",\"potentialAction\":[{\"@type\":\"SearchAction\",\"target\":{\"@type\":\"EntryPoint\",\"urlTemplate\":\"https:\/\/www.foodsthatfightcancer.ca\/?s={search_term_string}\"},\"query-input\":\"required name=search_term_string\"}],\"inLanguage\":\"fr-FR\"}]}<\/script>\n<!-- \/ Yoast SEO plugin. -->","yoast_head_json":{"title":"ALIMENTATION ET PR\u00c9VENTION DU CANCER - Foods That Fight Cancer","robots":{"index":"index","follow":"follow","max-snippet":"max-snippet:-1","max-image-preview":"max-image-preview:large","max-video-preview":"max-video-preview:-1"},"canonical":"https:\/\/www.foodsthatfightcancer.ca\/fr\/les-aliments-et-la-prevention-du-cancer\/","og_locale":"fr_FR","og_type":"article","og_title":"ALIMENTATION ET PR\u00c9VENTION DU CANCER - Foods That Fight Cancer","og_url":"https:\/\/www.foodsthatfightcancer.ca\/fr\/les-aliments-et-la-prevention-du-cancer\/","og_site_name":"Foods That Fight Cancer","article_modified_time":"2025-06-16T20:22:47+00:00","twitter_card":"summary_large_image","twitter_misc":{"Dur\u00e9e de lecture estim\u00e9e":"5 minutes"},"schema":{"@context":"https:\/\/schema.org","@graph":[{"@type":"WebPage","@id":"https:\/\/www.foodsthatfightcancer.ca\/fr\/les-aliments-et-la-prevention-du-cancer\/","url":"https:\/\/www.foodsthatfightcancer.ca\/fr\/les-aliments-et-la-prevention-du-cancer\/","name":"ALIMENTATION ET PR\u00c9VENTION DU CANCER - Foods That Fight Cancer","isPartOf":{"@id":"https:\/\/www.foodsthatfightcancer.ca\/#website"},"datePublished":"2018-12-06T01:46:43+00:00","dateModified":"2025-06-16T20:22:47+00:00","breadcrumb":{"@id":"https:\/\/www.foodsthatfightcancer.ca\/fr\/les-aliments-et-la-prevention-du-cancer\/#breadcrumb"},"inLanguage":"fr-FR","potentialAction":[{"@type":"ReadAction","target":["https:\/\/www.foodsthatfightcancer.ca\/fr\/les-aliments-et-la-prevention-du-cancer\/"]}]},{"@type":"BreadcrumbList","@id":"https:\/\/www.foodsthatfightcancer.ca\/fr\/les-aliments-et-la-prevention-du-cancer\/#breadcrumb","itemListElement":[{"@type":"ListItem","position":1,"name":"Home","item":"https:\/\/www.foodsthatfightcancer.ca\/fr\/"},{"@type":"ListItem","position":2,"name":"ALIMENTATION ET PR\u00c9VENTION DU CANCER"}]},{"@type":"WebSite","@id":"https:\/\/www.foodsthatfightcancer.ca\/#website","url":"https:\/\/www.foodsthatfightcancer.ca\/","name":"Foods That Fight Cancer","description":"A project to encourage and equip people to adopt healthy eating habits today in order to reduce the incidence of cancer in the future.","potentialAction":[{"@type":"SearchAction","target":{"@type":"EntryPoint","urlTemplate":"https:\/\/www.foodsthatfightcancer.ca\/?s={search_term_string}"},"query-input":"required name=search_term_string"}],"inLanguage":"fr-FR"}]}},"_links":{"self":[{"href":"https:\/\/www.foodsthatfightcancer.ca\/fr\/wp-json\/wp\/v2\/pages\/3009"}],"collection":[{"href":"https:\/\/www.foodsthatfightcancer.ca\/fr\/wp-json\/wp\/v2\/pages"}],"about":[{"href":"https:\/\/www.foodsthatfightcancer.ca\/fr\/wp-json\/wp\/v2\/types\/page"}],"author":[{"embeddable":true,"href":"https:\/\/www.foodsthatfightcancer.ca\/fr\/wp-json\/wp\/v2\/users\/1"}],"replies":[{"embeddable":true,"href":"https:\/\/www.foodsthatfightcancer.ca\/fr\/wp-json\/wp\/v2\/comments?post=3009"}],"version-history":[{"count":1,"href":"https:\/\/www.foodsthatfightcancer.ca\/fr\/wp-json\/wp\/v2\/pages\/3009\/revisions"}],"predecessor-version":[{"id":4495,"href":"https:\/\/www.foodsthatfightcancer.ca\/fr\/wp-json\/wp\/v2\/pages\/3009\/revisions\/4495"}],"wp:attachment":[{"href":"https:\/\/www.foodsthatfightcancer.ca\/fr\/wp-json\/wp\/v2\/media?parent=3009"}],"curies":[{"name":"wp","href":"https:\/\/api.w.org\/{rel}","templated":true}]}}